{"id":64,"date":"2022-03-10T03:55:35","date_gmt":"2022-03-10T03:55:35","guid":{"rendered":"https:\/\/elalfarero.ca\/newpage\/?page_id=64"},"modified":"2022-11-30T03:17:56","modified_gmt":"2022-11-30T03:17:56","slug":"nuestra-iglesia-2","status":"publish","type":"page","link":"https:\/\/elalfarero.ca\/newpage\/nuestra-iglesia-2\/","title":{"rendered":"Nuestra Iglesia"},"content":{"rendered":"\n<p>Lo que somos, determina lo que hacemos<\/p>\n\n\n\n<p>Lo que hacemos, determina a donde vamos<\/p>\n\n\n\n<p>Nuestra identidad influencia nuestra misi\u00f3n y nuestra misi\u00f3n define nuestra visi\u00f3n.<\/p>\n\n\n\n<p>Nuestra Iglesia es:<\/p>\n\n\n\n<p>1- Cristo-c\u00e9ntrica: Nuestra iglesia no est\u00e1 centrada en una doctrina, un programa, una experiencia, sino en una persona: Jesucristo (Mateo 16:18; Juan 5:39; Lucas 24:27; 1 Corintios 2:2; G\u00e1latas 6:14; Colosenses 1:13-20). El poder del cristianismo se encuentra solo en las buenas nuevas de Jes\u00fas (Romanos 1:6). Todo tiene que ver con Jes\u00fas.<\/p>\n\n\n\n<p>2- Continuista: Nuestra iglesia es continuista en el sentido de que creemos que Dios contin\u00faa actuando de manera sobrenatural y milagrosa hoy. Creemos en la continuidad de los dones espirituales, basados \u200b\u200ben la Biblia y practicados con sobriedad (1 Corintios 12). Adem\u00e1s, dado que el Esp\u00edritu Santo produce vida (Juan 6:63), mostramos un cierto dinamismo en la oraci\u00f3n, la alabanza y la predicaci\u00f3n (Efesios 5:19-20).<\/p>\n\n\n\n<p>3- Misionera: Nuestra iglesia es misionera, es decir, estamos llamados a ser misioneros en nuestra propia cultura. El cristiano no est\u00e1 llamado a protegerse del mundo, sino a influir en el mundo (Juan 17:15; Mateo 16:18). Dado que nuestra prioridad es compartir las buenas nuevas de Jes\u00fas, estamos haciendo todo lo posible para que nuestra iglesia sea accesible a los no creyentes (1 Corintios 9:22-23; Juan 3:16).<\/p>\n\n\n\n<figure class=\"wp-block-image size-large\"><img data-recalc-dims=\"1\" loading=\"lazy\" decoding=\"async\" width=\"1024\" height=\"403\" src=\"https:\/\/i0.wp.com\/elalfarero.ca\/newpage\/wp-content\/uploads\/2022\/05\/NuestraIglesia.png?resize=1024%2C403&#038;ssl=1\" alt=\"\" class=\"wp-image-101\" srcset=\"https:\/\/i0.wp.com\/elalfarero.ca\/newpage\/wp-content\/uploads\/2022\/05\/NuestraIglesia.png?resize=1024%2C403&amp;ssl=1 1024w, https:\/\/i0.wp.com\/elalfarero.ca\/newpage\/wp-content\/uploads\/2022\/05\/NuestraIglesia.png?resize=300%2C118&amp;ssl=1 300w, https:\/\/i0.wp.com\/elalfarero.ca\/newpage\/wp-content\/uploads\/2022\/05\/NuestraIglesia.png?resize=768%2C302&amp;ssl=1 768w, https:\/\/i0.wp.com\/elalfarero.ca\/newpage\/wp-content\/uploads\/2022\/05\/NuestraIglesia.png?w=1391&amp;ssl=1 1391w\" sizes=\"auto, (max-width: 1000px) 100vw, 1000px\" \/><\/figure>\n\n\n\n<hr class=\"wp-block-separator has-alpha-channel-opacity\"\/>\n\n\n\n<p class=\"has-text-align-center\">Siguenos en: <a href=\"http:\/\/www.facebook.com\/Alfarero.Mtl\">Facebook <\/a>\/ <a href=\"https:\/\/open.spotify.com\/show\/59NK9vquEY7ZvizCU1FtIl?si=iypzoM7nTPy7mUgkRO-uZA\">Spotify <\/a>\/ <a href=\"https:\/\/www.instagram.com\/alfarero_mtl\/?hl=es\">Instagram<\/a><\/p>\n","protected":false},"excerpt":{"rendered":"<p>Lo que somos, determina lo que hacemos Lo que hacemos, determina a donde vamos Nuestra identidad influencia nuestra misi\u00f3n y nuestra misi\u00f3n define nuestra visi\u00f3n. Nuestra Iglesia es: 1- Cristo-c\u00e9ntrica: [&hellip;]<\/p>\n","protected":false},"author":1,"featured_media":0,"parent":0,"menu_order":0,"comment_status":"closed","ping_status":"closed","template":"","meta":{"nf_dc_page":"","om_disable_all_campaigns":false,"footnotes":""},"class_list":["post-64","page","type-page","status-publish","hentry"],"yoast_head":"<!-- This site is optimized with the Yoast SEO plugin v27.4 - https:\/\/yoast.com\/product\/yoast-seo-wordpress\/ -->\n<title>Nuestra Iglesia - Iglesia Ministerios del Alfarero<\/title>\n<meta name=\"robots\" content=\"index, follow, max-snippet:-1, max-image-preview:large, max-video-preview:-1\" \/>\n<link rel=\"canonical\" href=\"https:\/\/elalfarero.ca\/newpage\/nuestra-iglesia-2\/\" \/>\n<meta property=\"og:locale\" content=\"en_US\" \/>\n<meta property=\"og:type\" content=\"article\" \/>\n<meta property=\"og:title\" content=\"Nuestra Iglesia - Iglesia Ministerios del Alfarero\" \/>\n<meta property=\"og:description\" content=\"Lo que somos, determina lo que hacemos Lo que hacemos, determina a donde vamos Nuestra identidad influencia nuestra misi\u00f3n y nuestra misi\u00f3n define nuestra visi\u00f3n. Nuestra Iglesia es: 1- Cristo-c\u00e9ntrica: [&hellip;]\" \/>\n<meta property=\"og:url\" content=\"https:\/\/elalfarero.ca\/newpage\/nuestra-iglesia-2\/\" \/>\n<meta property=\"og:site_name\" content=\"Iglesia Ministerios del Alfarero\" \/>\n<meta property=\"article:modified_time\" content=\"2022-11-30T03:17:56+00:00\" \/>\n<meta property=\"og:image\" content=\"https:\/\/elalfarero.ca\/newpage\/wp-content\/uploads\/2022\/05\/NuestraIglesia-1024x403.png\" \/>\n<meta name=\"twitter:card\" content=\"summary_large_image\" \/>\n<meta name=\"twitter:label1\" content=\"Est. reading time\" \/>\n\t<meta name=\"twitter:data1\" content=\"2 minutes\" \/>\n<script type=\"application\/ld+json\" class=\"yoast-schema-graph\">{\"@context\":\"https:\\\/\\\/schema.org\",\"@graph\":[{\"@type\":\"WebPage\",\"@id\":\"https:\\\/\\\/elalfarero.ca\\\/newpage\\\/nuestra-iglesia-2\\\/\",\"url\":\"https:\\\/\\\/elalfarero.ca\\\/newpage\\\/nuestra-iglesia-2\\\/\",\"name\":\"Nuestra Iglesia - Iglesia Ministerios del Alfarero\",\"isPartOf\":{\"@id\":\"https:\\\/\\\/elalfarero.ca\\\/newpage\\\/#website\"},\"primaryImageOfPage\":{\"@id\":\"https:\\\/\\\/elalfarero.ca\\\/newpage\\\/nuestra-iglesia-2\\\/#primaryimage\"},\"image\":{\"@id\":\"https:\\\/\\\/elalfarero.ca\\\/newpage\\\/nuestra-iglesia-2\\\/#primaryimage\"},\"thumbnailUrl\":\"https:\\\/\\\/elalfarero.ca\\\/newpage\\\/wp-content\\\/uploads\\\/2022\\\/05\\\/NuestraIglesia-1024x403.png\",\"datePublished\":\"2022-03-10T03:55:35+00:00\",\"dateModified\":\"2022-11-30T03:17:56+00:00\",\"breadcrumb\":{\"@id\":\"https:\\\/\\\/elalfarero.ca\\\/newpage\\\/nuestra-iglesia-2\\\/#breadcrumb\"},\"inLanguage\":\"en-US\",\"potentialAction\":[{\"@type\":\"ReadAction\",\"target\":[\"https:\\\/\\\/elalfarero.ca\\\/newpage\\\/nuestra-iglesia-2\\\/\"]}]},{\"@type\":\"ImageObject\",\"inLanguage\":\"en-US\",\"@id\":\"https:\\\/\\\/elalfarero.ca\\\/newpage\\\/nuestra-iglesia-2\\\/#primaryimage\",\"url\":\"https:\\\/\\\/i0.wp.com\\\/elalfarero.ca\\\/newpage\\\/wp-content\\\/uploads\\\/2022\\\/05\\\/NuestraIglesia.png?fit=1391%2C547&ssl=1\",\"contentUrl\":\"https:\\\/\\\/i0.wp.com\\\/elalfarero.ca\\\/newpage\\\/wp-content\\\/uploads\\\/2022\\\/05\\\/NuestraIglesia.png?fit=1391%2C547&ssl=1\",\"width\":1391,\"height\":547},{\"@type\":\"BreadcrumbList\",\"@id\":\"https:\\\/\\\/elalfarero.ca\\\/newpage\\\/nuestra-iglesia-2\\\/#breadcrumb\",\"itemListElement\":[{\"@type\":\"ListItem\",\"position\":1,\"name\":\"Home\",\"item\":\"https:\\\/\\\/elalfarero.ca\\\/newpage\\\/\"},{\"@type\":\"ListItem\",\"position\":2,\"name\":\"Nuestra Iglesia\"}]},{\"@type\":\"WebSite\",\"@id\":\"https:\\\/\\\/elalfarero.ca\\\/newpage\\\/#website\",\"url\":\"https:\\\/\\\/elalfarero.ca\\\/newpage\\\/\",\"name\":\"Iglesia Ministerios del Alfarero\",\"description\":\"Predicando la palabra de Dios\",\"publisher\":{\"@id\":\"https:\\\/\\\/elalfarero.ca\\\/newpage\\\/#organization\"},\"potentialAction\":[{\"@type\":\"SearchAction\",\"target\":{\"@type\":\"EntryPoint\",\"urlTemplate\":\"https:\\\/\\\/elalfarero.ca\\\/newpage\\\/?s={search_term_string}\"},\"query-input\":{\"@type\":\"PropertyValueSpecification\",\"valueRequired\":true,\"valueName\":\"search_term_string\"}}],\"inLanguage\":\"en-US\"},{\"@type\":\"Organization\",\"@id\":\"https:\\\/\\\/elalfarero.ca\\\/newpage\\\/#organization\",\"name\":\"Iglesia Ministerios del Alfarero\",\"url\":\"https:\\\/\\\/elalfarero.ca\\\/newpage\\\/\",\"logo\":{\"@type\":\"ImageObject\",\"inLanguage\":\"en-US\",\"@id\":\"https:\\\/\\\/elalfarero.ca\\\/newpage\\\/#\\\/schema\\\/logo\\\/image\\\/\",\"url\":\"https:\\\/\\\/i0.wp.com\\\/elalfarero.ca\\\/newpage\\\/wp-content\\\/uploads\\\/2022\\\/05\\\/cropped-LOGO_VT_72_ALFARERO-2-1.png?fit=520%2C521&ssl=1\",\"contentUrl\":\"https:\\\/\\\/i0.wp.com\\\/elalfarero.ca\\\/newpage\\\/wp-content\\\/uploads\\\/2022\\\/05\\\/cropped-LOGO_VT_72_ALFARERO-2-1.png?fit=520%2C521&ssl=1\",\"width\":520,\"height\":521,\"caption\":\"Iglesia Ministerios del Alfarero\"},\"image\":{\"@id\":\"https:\\\/\\\/elalfarero.ca\\\/newpage\\\/#\\\/schema\\\/logo\\\/image\\\/\"}}]}<\/script>\n<!-- \/ Yoast SEO plugin. -->","yoast_head_json":{"title":"Nuestra Iglesia - Iglesia Ministerios del Alfarero","robots":{"index":"index","follow":"follow","max-snippet":"max-snippet:-1","max-image-preview":"max-image-preview:large","max-video-preview":"max-video-preview:-1"},"canonical":"https:\/\/elalfarero.ca\/newpage\/nuestra-iglesia-2\/","og_locale":"en_US","og_type":"article","og_title":"Nuestra Iglesia - Iglesia Ministerios del Alfarero","og_description":"Lo que somos, determina lo que hacemos Lo que hacemos, determina a donde vamos Nuestra identidad influencia nuestra misi\u00f3n y nuestra misi\u00f3n define nuestra visi\u00f3n. Nuestra Iglesia es: 1- Cristo-c\u00e9ntrica: [&hellip;]","og_url":"https:\/\/elalfarero.ca\/newpage\/nuestra-iglesia-2\/","og_site_name":"Iglesia Ministerios del Alfarero","article_modified_time":"2022-11-30T03:17:56+00:00","og_image":[{"url":"https:\/\/elalfarero.ca\/newpage\/wp-content\/uploads\/2022\/05\/NuestraIglesia-1024x403.png","type":"","width":"","height":""}],"twitter_card":"summary_large_image","twitter_misc":{"Est. reading time":"2 minutes"},"schema":{"@context":"https:\/\/schema.org","@graph":[{"@type":"WebPage","@id":"https:\/\/elalfarero.ca\/newpage\/nuestra-iglesia-2\/","url":"https:\/\/elalfarero.ca\/newpage\/nuestra-iglesia-2\/","name":"Nuestra Iglesia - Iglesia Ministerios del Alfarero","isPartOf":{"@id":"https:\/\/elalfarero.ca\/newpage\/#website"},"primaryImageOfPage":{"@id":"https:\/\/elalfarero.ca\/newpage\/nuestra-iglesia-2\/#primaryimage"},"image":{"@id":"https:\/\/elalfarero.ca\/newpage\/nuestra-iglesia-2\/#primaryimage"},"thumbnailUrl":"https:\/\/elalfarero.ca\/newpage\/wp-content\/uploads\/2022\/05\/NuestraIglesia-1024x403.png","datePublished":"2022-03-10T03:55:35+00:00","dateModified":"2022-11-30T03:17:56+00:00","breadcrumb":{"@id":"https:\/\/elalfarero.ca\/newpage\/nuestra-iglesia-2\/#breadcrumb"},"inLanguage":"en-US","potentialAction":[{"@type":"ReadAction","target":["https:\/\/elalfarero.ca\/newpage\/nuestra-iglesia-2\/"]}]},{"@type":"ImageObject","inLanguage":"en-US","@id":"https:\/\/elalfarero.ca\/newpage\/nuestra-iglesia-2\/#primaryimage","url":"https:\/\/i0.wp.com\/elalfarero.ca\/newpage\/wp-content\/uploads\/2022\/05\/NuestraIglesia.png?fit=1391%2C547&ssl=1","contentUrl":"https:\/\/i0.wp.com\/elalfarero.ca\/newpage\/wp-content\/uploads\/2022\/05\/NuestraIglesia.png?fit=1391%2C547&ssl=1","width":1391,"height":547},{"@type":"BreadcrumbList","@id":"https:\/\/elalfarero.ca\/newpage\/nuestra-iglesia-2\/#breadcrumb","itemListElement":[{"@type":"ListItem","position":1,"name":"Home","item":"https:\/\/elalfarero.ca\/newpage\/"},{"@type":"ListItem","position":2,"name":"Nuestra Iglesia"}]},{"@type":"WebSite","@id":"https:\/\/elalfarero.ca\/newpage\/#website","url":"https:\/\/elalfarero.ca\/newpage\/","name":"Iglesia Ministerios del Alfarero","description":"Predicando la palabra de Dios","publisher":{"@id":"https:\/\/elalfarero.ca\/newpage\/#organization"},"potentialAction":[{"@type":"SearchAction","target":{"@type":"EntryPoint","urlTemplate":"https:\/\/elalfarero.ca\/newpage\/?s={search_term_string}"},"query-input":{"@type":"PropertyValueSpecification","valueRequired":true,"valueName":"search_term_string"}}],"inLanguage":"en-US"},{"@type":"Organization","@id":"https:\/\/elalfarero.ca\/newpage\/#organization","name":"Iglesia Ministerios del Alfarero","url":"https:\/\/elalfarero.ca\/newpage\/","logo":{"@type":"ImageObject","inLanguage":"en-US","@id":"https:\/\/elalfarero.ca\/newpage\/#\/schema\/logo\/image\/","url":"https:\/\/i0.wp.com\/elalfarero.ca\/newpage\/wp-content\/uploads\/2022\/05\/cropped-LOGO_VT_72_ALFARERO-2-1.png?fit=520%2C521&ssl=1","contentUrl":"https:\/\/i0.wp.com\/elalfarero.ca\/newpage\/wp-content\/uploads\/2022\/05\/cropped-LOGO_VT_72_ALFARERO-2-1.png?fit=520%2C521&ssl=1","width":520,"height":521,"caption":"Iglesia Ministerios del Alfarero"},"image":{"@id":"https:\/\/elalfarero.ca\/newpage\/#\/schema\/logo\/image\/"}}]}},"jetpack_sharing_enabled":true,"_links":{"self":[{"href":"https:\/\/elalfarero.ca\/newpage\/wp-json\/wp\/v2\/pages\/64","targetHints":{"allow":["GET"]}}],"collection":[{"href":"https:\/\/elalfarero.ca\/newpage\/wp-json\/wp\/v2\/pages"}],"about":[{"href":"https:\/\/elalfarero.ca\/newpage\/wp-json\/wp\/v2\/types\/page"}],"author":[{"embeddable":true,"href":"https:\/\/elalfarero.ca\/newpage\/wp-json\/wp\/v2\/users\/1"}],"replies":[{"embeddable":true,"href":"https:\/\/elalfarero.ca\/newpage\/wp-json\/wp\/v2\/comments?post=64"}],"version-history":[{"count":3,"href":"https:\/\/elalfarero.ca\/newpage\/wp-json\/wp\/v2\/pages\/64\/revisions"}],"predecessor-version":[{"id":209,"href":"https:\/\/elalfarero.ca\/newpage\/wp-json\/wp\/v2\/pages\/64\/revisions\/209"}],"wp:attachment":[{"href":"https:\/\/elalfarero.ca\/newpage\/wp-json\/wp\/v2\/media?parent=64"}],"curies":[{"name":"wp","href":"https:\/\/api.w.org\/{rel}","templated":true}]}}