{"id":43,"date":"2021-12-10T04:24:54","date_gmt":"2021-12-10T04:24:54","guid":{"rendered":"https:\/\/elalfarero.ca\/newpage\/?page_id=43"},"modified":"2022-11-30T03:08:24","modified_gmt":"2022-11-30T03:08:24","slug":"lo-que-creemos","status":"publish","type":"page","link":"https:\/\/elalfarero.ca\/newpage\/lo-que-creemos\/","title":{"rendered":"Lo que creemos"},"content":{"rendered":"\n<p>1- la biblia: Creemos que la Biblia es la Palabra de Dios completa; que los sesenta y seis (66) libros, como fueron escritos originalmente, que comprenden el Antiguo y el Nuevo Testamento, fueron inspirados verbalmente por el Esp\u00edritu de Dios (2 Timoteo 3:16) y estaban completamente libres de error (Tito 1-2); que la Biblia es la autoridad final en todo tipo de fe y pr\u00e1ctica, y la verdadera base de la unidad cristiana. (Apocalipsis 22:18-21). Creemos que Dios escogi\u00f3 revelarse especialmente a trav\u00e9s de la Biblia.<\/p>\n\n\n\n<p>2- Dios: Creemos en un solo Dios (Deuteronomio 6:4), Creador de todas las cosas, Santo, Soberano, Eterno, que existe en tres personas iguales: el Padre, el Hijo y el Esp\u00edritu Santo. (Mateo 28:19). Esta trinidad es una unidad relacional interdependiente (Lucas 3:21-22). Las tres personas de la divinidad tienen la misma naturaleza y los mismos atributos. (Romanos 8:9-11). Por tanto, el Padre, el Hijo y el Esp\u00edritu Santo son dignos de la misma alabanza, confianza y obediencia (2 Corintios 13:14)<\/p>\n\n\n\n<p>3- Jesucristo: Creemos en la divinidad y humanidad absoluta de Jesucristo en su propio ser, en su existencia eterna con el Padre en gloria antes de su encarnaci\u00f3n, en su milagroso nacimiento de una virgen, su vida sin pecado, su muerte expiatoria, su resurrecci\u00f3n corporal, su ascensi\u00f3n triunfal, su ministerio como mediador y su regreso personal.<\/p>\n\n\n\n<p>4- Esp\u00edritu Santo: Creemos que el Esp\u00edritu Santo es una persona, absolutamente divina en su mismo ser y convence de pecado, de justicia y de juicio; que \u00c9l regenera, santifica, ilumina y consuela a los que creen en Jesucristo.<\/p>\n\n\n\n<p>5- Sat\u00e1n: Creemos que Satan\u00e1s existe como una personalidad maligna, que \u00e9l esta en el origen del pecado, el enemigo supremo de Dios y del hombre.<\/p>\n\n\n\n<p>6- El ser humano: Creemos que los seres humanos fueron creados divinamente a imagen de Dios; que pec\u00f3, volvi\u00e9ndose culpable ante Dios, de ah\u00ed su total depravaci\u00f3n por la que incurre en la muerte f\u00edsica y espiritual.<\/p>\n\n\n\n<p>7- La salvaci\u00f3n: Creemos que la salvaci\u00f3n viene de la gracia de Dios, que, por el decreto del Padre, Cristo voluntariamente sufri\u00f3 una muerte sangrienta, expiatoria y propiciatoria en nuestro lugar y que la justificaci\u00f3n es solo por la fe en el sacrificio y la resurrecci\u00f3n del Se\u00f1or Jesucristo y que todos los que nacen del Esp\u00edritu de Dios ser\u00e1n guardados divinamente y finalmente perfeccionados a la imagen del Se\u00f1or.<\/p>\n\n\n\n<p>8- Las cosas por venir: Creemos en el regreso personal, corporal y glorioso del Se\u00f1or Jesucristo, en la resurrecci\u00f3n de justos e injustos, en la bienaventuranza eterna de los redimidos, en el juicio y en el castigo consciente y eterno de los malvados.<\/p>\n\n\n\n<p>9- La iglesia local: Creemos que la iglesia es una compa\u00f1\u00eda de creyentes sumergidos, llamados a salir del mundo, apartados para el Se\u00f1or Jes\u00fas. Asociados voluntariamente para el ministerio de la Palabra, la edificaci\u00f3n mutua de sus miembros, la propagaci\u00f3n de la fe y la celebraci\u00f3n de los s\u00edmbolos. Creemos que ella es un cuerpo soberano e independiente, que valora sus propios dones, preceptos y privilegios que le fueron otorgados divinamente, seg\u00fan la Palabra de Dios, bajo el se\u00f1or\u00edo de Cristo, la Cabeza de la Iglesia. Creemos que sus servidores responsables son los pastores (ancianos, supervisores) y di\u00e1conos.<\/p>\n\n\n\n<p>10- Los s\u00edmbolos: Creemos que solo hay dos s\u00edmbolos para la Iglesia, que se ven regularmente en el Nuevo Testamento en el siguiente orden:<\/p>\n\n\n\n<p>El bautismo, que es la inmersi\u00f3n del creyente en agua, mediante el cual obedece el mandato de Cristo y demuestra su identificaci\u00f3n con Cristo en su muerte, sepultura y resurrecci\u00f3n.<\/p>\n\n\n\n<p>La Cena del Se\u00f1or, que es la conmemoraci\u00f3n por la cual el creyente tiene su parte de los dos elementos, el pan y el vino, que simbolizan el cuerpo y la sangre derramada del Se\u00f1or, proclamando su muerte hasta que \u00c9l venga.<\/p>\n\n\n\n<p>11- La Iglesia y el Estado: Creemos en la completa separaci\u00f3n de Iglesia y Estado.<\/p>\n\n\n\n<p>12- Libertad religiosa: Creemos en la libertad religiosa; que todo hombre tiene derecho a practicar y difundir sus creencias.<\/p>\n\n\n\n<p>13- El d\u00eda del Se\u00f1or: Creemos que el primer d\u00eda de la semana es el D\u00eda del Se\u00f1or y, en un sentido especial, es el d\u00eda se\u00f1alado por Dios para la adoraci\u00f3n y los deberes espirituales.<\/p>\n\n\n\n<p>14- Gobierno Civil: Creemos que el gobierno civil est\u00e1 establecido divinamente para el beneficio y el buen orden de la sociedad; que debemos orar por los magistrados, honrarlos conscientemente y obedecer, excepto, sin embargo, en lo que se oponga a la voluntad de nuestro Se\u00f1or Jesucristo, que es el \u00fanico Maestro de conciencia y Pr\u00edncipe de los reyes de la tierra.<\/p>\n\n\n\n<p class=\"has-text-align-center\">Siguenos en: <a href=\"http:\/\/www.facebook.com\/Alfarero.Mtl\">Facebook <\/a>\/ <a href=\"https:\/\/open.spotify.com\/show\/59NK9vquEY7ZvizCU1FtIl?si=iypzoM7nTPy7mUgkRO-uZA\">Spotify <\/a>\/ <a href=\"https:\/\/www.instagram.com\/alfarero_mtl\/?hl=es\">Instagram<\/a><\/p>\n","protected":false},"excerpt":{"rendered":"<p>1- la biblia: Creemos que la Biblia es la Palabra de Dios completa; que los sesenta y seis (66) libros, como fueron escritos originalmente, que comprenden el Antiguo y el [&hellip;]<\/p>\n","protected":false},"author":1,"featured_media":0,"parent":0,"menu_order":0,"comment_status":"closed","ping_status":"closed","template":"","meta":{"nf_dc_page":"","om_disable_all_campaigns":false,"footnotes":""},"class_list":["post-43","page","type-page","status-publish","hentry"],"yoast_head":"<!-- This site is optimized with the Yoast SEO plugin v27.4 - https:\/\/yoast.com\/product\/yoast-seo-wordpress\/ -->\n<title>Lo que creemos - Iglesia Ministerios del Alfarero<\/title>\n<meta name=\"robots\" content=\"index, follow, max-snippet:-1, max-image-preview:large, max-video-preview:-1\" \/>\n<link rel=\"canonical\" href=\"https:\/\/elalfarero.ca\/newpage\/lo-que-creemos\/\" \/>\n<meta property=\"og:locale\" content=\"en_US\" \/>\n<meta property=\"og:type\" content=\"article\" \/>\n<meta property=\"og:title\" content=\"Lo que creemos - Iglesia Ministerios del Alfarero\" \/>\n<meta property=\"og:description\" content=\"1- la biblia: Creemos que la Biblia es la Palabra de Dios completa; que los sesenta y seis (66) libros, como fueron escritos originalmente, que comprenden el Antiguo y el [&hellip;]\" \/>\n<meta property=\"og:url\" content=\"https:\/\/elalfarero.ca\/newpage\/lo-que-creemos\/\" \/>\n<meta property=\"og:site_name\" content=\"Iglesia Ministerios del Alfarero\" \/>\n<meta property=\"article:modified_time\" content=\"2022-11-30T03:08:24+00:00\" \/>\n<meta name=\"twitter:card\" content=\"summary_large_image\" \/>\n<meta name=\"twitter:label1\" content=\"Est. reading time\" \/>\n\t<meta name=\"twitter:data1\" content=\"4 minutes\" \/>\n<script type=\"application\/ld+json\" class=\"yoast-schema-graph\">{\"@context\":\"https:\\\/\\\/schema.org\",\"@graph\":[{\"@type\":\"WebPage\",\"@id\":\"https:\\\/\\\/elalfarero.ca\\\/newpage\\\/lo-que-creemos\\\/\",\"url\":\"https:\\\/\\\/elalfarero.ca\\\/newpage\\\/lo-que-creemos\\\/\",\"name\":\"Lo que creemos - Iglesia Ministerios del Alfarero\",\"isPartOf\":{\"@id\":\"https:\\\/\\\/elalfarero.ca\\\/newpage\\\/#website\"},\"datePublished\":\"2021-12-10T04:24:54+00:00\",\"dateModified\":\"2022-11-30T03:08:24+00:00\",\"breadcrumb\":{\"@id\":\"https:\\\/\\\/elalfarero.ca\\\/newpage\\\/lo-que-creemos\\\/#breadcrumb\"},\"inLanguage\":\"en-US\",\"potentialAction\":[{\"@type\":\"ReadAction\",\"target\":[\"https:\\\/\\\/elalfarero.ca\\\/newpage\\\/lo-que-creemos\\\/\"]}]},{\"@type\":\"BreadcrumbList\",\"@id\":\"https:\\\/\\\/elalfarero.ca\\\/newpage\\\/lo-que-creemos\\\/#breadcrumb\",\"itemListElement\":[{\"@type\":\"ListItem\",\"position\":1,\"name\":\"Home\",\"item\":\"https:\\\/\\\/elalfarero.ca\\\/newpage\\\/\"},{\"@type\":\"ListItem\",\"position\":2,\"name\":\"Lo que creemos\"}]},{\"@type\":\"WebSite\",\"@id\":\"https:\\\/\\\/elalfarero.ca\\\/newpage\\\/#website\",\"url\":\"https:\\\/\\\/elalfarero.ca\\\/newpage\\\/\",\"name\":\"Iglesia Ministerios del Alfarero\",\"description\":\"Predicando la palabra de Dios\",\"publisher\":{\"@id\":\"https:\\\/\\\/elalfarero.ca\\\/newpage\\\/#organization\"},\"potentialAction\":[{\"@type\":\"SearchAction\",\"target\":{\"@type\":\"EntryPoint\",\"urlTemplate\":\"https:\\\/\\\/elalfarero.ca\\\/newpage\\\/?s={search_term_string}\"},\"query-input\":{\"@type\":\"PropertyValueSpecification\",\"valueRequired\":true,\"valueName\":\"search_term_string\"}}],\"inLanguage\":\"en-US\"},{\"@type\":\"Organization\",\"@id\":\"https:\\\/\\\/elalfarero.ca\\\/newpage\\\/#organization\",\"name\":\"Iglesia Ministerios del Alfarero\",\"url\":\"https:\\\/\\\/elalfarero.ca\\\/newpage\\\/\",\"logo\":{\"@type\":\"ImageObject\",\"inLanguage\":\"en-US\",\"@id\":\"https:\\\/\\\/elalfarero.ca\\\/newpage\\\/#\\\/schema\\\/logo\\\/image\\\/\",\"url\":\"https:\\\/\\\/i0.wp.com\\\/elalfarero.ca\\\/newpage\\\/wp-content\\\/uploads\\\/2022\\\/05\\\/cropped-LOGO_VT_72_ALFARERO-2-1.png?fit=520%2C521&ssl=1\",\"contentUrl\":\"https:\\\/\\\/i0.wp.com\\\/elalfarero.ca\\\/newpage\\\/wp-content\\\/uploads\\\/2022\\\/05\\\/cropped-LOGO_VT_72_ALFARERO-2-1.png?fit=520%2C521&ssl=1\",\"width\":520,\"height\":521,\"caption\":\"Iglesia Ministerios del Alfarero\"},\"image\":{\"@id\":\"https:\\\/\\\/elalfarero.ca\\\/newpage\\\/#\\\/schema\\\/logo\\\/image\\\/\"}}]}<\/script>\n<!-- \/ Yoast SEO plugin. -->","yoast_head_json":{"title":"Lo que creemos - Iglesia Ministerios del Alfarero","robots":{"index":"index","follow":"follow","max-snippet":"max-snippet:-1","max-image-preview":"max-image-preview:large","max-video-preview":"max-video-preview:-1"},"canonical":"https:\/\/elalfarero.ca\/newpage\/lo-que-creemos\/","og_locale":"en_US","og_type":"article","og_title":"Lo que creemos - Iglesia Ministerios del Alfarero","og_description":"1- la biblia: Creemos que la Biblia es la Palabra de Dios completa; que los sesenta y seis (66) libros, como fueron escritos originalmente, que comprenden el Antiguo y el [&hellip;]","og_url":"https:\/\/elalfarero.ca\/newpage\/lo-que-creemos\/","og_site_name":"Iglesia Ministerios del Alfarero","article_modified_time":"2022-11-30T03:08:24+00:00","twitter_card":"summary_large_image","twitter_misc":{"Est. reading time":"4 minutes"},"schema":{"@context":"https:\/\/schema.org","@graph":[{"@type":"WebPage","@id":"https:\/\/elalfarero.ca\/newpage\/lo-que-creemos\/","url":"https:\/\/elalfarero.ca\/newpage\/lo-que-creemos\/","name":"Lo que creemos - Iglesia Ministerios del Alfarero","isPartOf":{"@id":"https:\/\/elalfarero.ca\/newpage\/#website"},"datePublished":"2021-12-10T04:24:54+00:00","dateModified":"2022-11-30T03:08:24+00:00","breadcrumb":{"@id":"https:\/\/elalfarero.ca\/newpage\/lo-que-creemos\/#breadcrumb"},"inLanguage":"en-US","potentialAction":[{"@type":"ReadAction","target":["https:\/\/elalfarero.ca\/newpage\/lo-que-creemos\/"]}]},{"@type":"BreadcrumbList","@id":"https:\/\/elalfarero.ca\/newpage\/lo-que-creemos\/#breadcrumb","itemListElement":[{"@type":"ListItem","position":1,"name":"Home","item":"https:\/\/elalfarero.ca\/newpage\/"},{"@type":"ListItem","position":2,"name":"Lo que creemos"}]},{"@type":"WebSite","@id":"https:\/\/elalfarero.ca\/newpage\/#website","url":"https:\/\/elalfarero.ca\/newpage\/","name":"Iglesia Ministerios del Alfarero","description":"Predicando la palabra de Dios","publisher":{"@id":"https:\/\/elalfarero.ca\/newpage\/#organization"},"potentialAction":[{"@type":"SearchAction","target":{"@type":"EntryPoint","urlTemplate":"https:\/\/elalfarero.ca\/newpage\/?s={search_term_string}"},"query-input":{"@type":"PropertyValueSpecification","valueRequired":true,"valueName":"search_term_string"}}],"inLanguage":"en-US"},{"@type":"Organization","@id":"https:\/\/elalfarero.ca\/newpage\/#organization","name":"Iglesia Ministerios del Alfarero","url":"https:\/\/elalfarero.ca\/newpage\/","logo":{"@type":"ImageObject","inLanguage":"en-US","@id":"https:\/\/elalfarero.ca\/newpage\/#\/schema\/logo\/image\/","url":"https:\/\/i0.wp.com\/elalfarero.ca\/newpage\/wp-content\/uploads\/2022\/05\/cropped-LOGO_VT_72_ALFARERO-2-1.png?fit=520%2C521&ssl=1","contentUrl":"https:\/\/i0.wp.com\/elalfarero.ca\/newpage\/wp-content\/uploads\/2022\/05\/cropped-LOGO_VT_72_ALFARERO-2-1.png?fit=520%2C521&ssl=1","width":520,"height":521,"caption":"Iglesia Ministerios del Alfarero"},"image":{"@id":"https:\/\/elalfarero.ca\/newpage\/#\/schema\/logo\/image\/"}}]}},"jetpack_sharing_enabled":true,"_links":{"self":[{"href":"https:\/\/elalfarero.ca\/newpage\/wp-json\/wp\/v2\/pages\/43","targetHints":{"allow":["GET"]}}],"collection":[{"href":"https:\/\/elalfarero.ca\/newpage\/wp-json\/wp\/v2\/pages"}],"about":[{"href":"https:\/\/elalfarero.ca\/newpage\/wp-json\/wp\/v2\/types\/page"}],"author":[{"embeddable":true,"href":"https:\/\/elalfarero.ca\/newpage\/wp-json\/wp\/v2\/users\/1"}],"replies":[{"embeddable":true,"href":"https:\/\/elalfarero.ca\/newpage\/wp-json\/wp\/v2\/comments?post=43"}],"version-history":[{"count":2,"href":"https:\/\/elalfarero.ca\/newpage\/wp-json\/wp\/v2\/pages\/43\/revisions"}],"predecessor-version":[{"id":203,"href":"https:\/\/elalfarero.ca\/newpage\/wp-json\/wp\/v2\/pages\/43\/revisions\/203"}],"wp:attachment":[{"href":"https:\/\/elalfarero.ca\/newpage\/wp-json\/wp\/v2\/media?parent=43"}],"curies":[{"name":"wp","href":"https:\/\/api.w.org\/{rel}","templated":true}]}}