{"id":26,"date":"2021-12-10T02:10:15","date_gmt":"2021-12-10T02:10:15","guid":{"rendered":"https:\/\/elalfarero.ca\/newpage\/?page_id=26"},"modified":"2022-11-30T03:10:47","modified_gmt":"2022-11-30T03:10:47","slug":"nuestra-mision","status":"publish","type":"page","link":"https:\/\/elalfarero.ca\/newpage\/nuestra-mision\/","title":{"rendered":"Mision \/ Vision"},"content":{"rendered":"\n<p class=\"has-large-font-size\"><strong>Nuestra Mision<\/strong><\/p>\n\n\n\n<p>Hacer disc\u00edpulos de Cristo, haciendo que todos descubran y comprendan que todo siempre tiene que ves con Jes\u00fas. Deseamos que muchos puedan integrarse en la iglesia y as\u00ed integrar en sus vidas las caracter\u00edsticas de un D.I.S.C.I.P.U.L.O de Cristo.<\/p>\n\n\n\n<p>D = decide, el disc\u00edpulo de Jes\u00fas decida seguir a Jes\u00fas<\/p>\n\n\n\n<p>I = inmerso, el disc\u00edpulo de Jes\u00fas de bautiza (literalmente inmerso en el agua)<\/p>\n\n\n\n<p>S = sirve, el disc\u00edpulo de Jes\u00fas sirve la iglesia, la comunidad y el mundo.<\/p>\n\n\n\n<p>C = comparte, el disc\u00edpulo de Jes\u00fas comparte y conecta con los otros creyentes.<\/p>\n\n\n\n<p>I = invita, el disc\u00edpulo de Jes\u00fas invita sus padres y amigos no creyentes a la iglesia.<\/p>\n\n\n\n<p>P = predica, el disc\u00edpulo de Jes\u00fas predica la palabra de Dios a otros.<\/p>\n\n\n\n<p>U = une, el disc\u00edpulo de Jes\u00fas busca unirse y comprometerse con su iglesia<\/p>\n\n\n\n<p>L = lee, el disc\u00edpulo de Jes\u00fas lee y estudia la Biblia cotidianamente.<\/p>\n\n\n\n<p>0 = ora, el disc\u00edpulo de Jes\u00fas ora a Dios sin cesar.<\/p>\n\n\n\n<hr class=\"wp-block-separator has-css-opacity\"\/>\n\n\n\n<p class=\"has-large-font-size\"><strong>Nuestra Vision<\/strong><\/p>\n\n\n\n<p>Todo tiene que ver con Jes\u00fas. Oramos y trabajamos para que Dios nos permita predicar el Evangelio en esta provincia de Quebec. Oramos para que Dios nos de la gracia de poder implantar m\u00e1s iglesias en Quebec. Nuestro mundo necesita de Cristo, Quebec necesita a Cristo, y nosotros somos la iglesia de Cristo, con toda humildad y reverencia lo decimos: \u00a1\u00dasanos Cristo!<\/p>\n\n\n\n<hr class=\"wp-block-separator has-css-opacity\"\/>\n\n\n\n<p class=\"has-text-align-center\">Siguenos en: <a href=\"http:\/\/www.facebook.com\/Alfarero.Mtl\">Facebook <\/a>\/ <a href=\"https:\/\/open.spotify.com\/show\/59NK9vquEY7ZvizCU1FtIl?si=iypzoM7nTPy7mUgkRO-uZA\">Spotify <\/a>\/ <a href=\"https:\/\/www.instagram.com\/alfarero_mtl\/?hl=es\">Instagram<\/a><\/p>\n","protected":false},"excerpt":{"rendered":"<p>Nuestra Mision Hacer disc\u00edpulos de Cristo, haciendo que todos descubran y comprendan que todo siempre tiene que ves con Jes\u00fas. Deseamos que muchos puedan integrarse en la iglesia y as\u00ed [&hellip;]<\/p>\n","protected":false},"author":1,"featured_media":0,"parent":0,"menu_order":0,"comment_status":"closed","ping_status":"closed","template":"","meta":{"nf_dc_page":"","om_disable_all_campaigns":false,"footnotes":""},"class_list":["post-26","page","type-page","status-publish","hentry"],"yoast_head":"<!-- This site is optimized with the Yoast SEO plugin v27.4 - https:\/\/yoast.com\/product\/yoast-seo-wordpress\/ -->\n<title>Mision \/ Vision - Iglesia Ministerios del Alfarero<\/title>\n<meta name=\"robots\" content=\"index, follow, max-snippet:-1, max-image-preview:large, max-video-preview:-1\" \/>\n<link rel=\"canonical\" href=\"https:\/\/elalfarero.ca\/newpage\/nuestra-mision\/\" \/>\n<meta property=\"og:locale\" content=\"en_US\" \/>\n<meta property=\"og:type\" content=\"article\" \/>\n<meta property=\"og:title\" content=\"Mision \/ Vision - Iglesia Ministerios del Alfarero\" \/>\n<meta property=\"og:description\" content=\"Nuestra Mision Hacer disc\u00edpulos de Cristo, haciendo que todos descubran y comprendan que todo siempre tiene que ves con Jes\u00fas. Deseamos que muchos puedan integrarse en la iglesia y as\u00ed [&hellip;]\" \/>\n<meta property=\"og:url\" content=\"https:\/\/elalfarero.ca\/newpage\/nuestra-mision\/\" \/>\n<meta property=\"og:site_name\" content=\"Iglesia Ministerios del Alfarero\" \/>\n<meta property=\"article:modified_time\" content=\"2022-11-30T03:10:47+00:00\" \/>\n<meta name=\"twitter:card\" content=\"summary_large_image\" \/>\n<meta name=\"twitter:label1\" content=\"Est. reading time\" \/>\n\t<meta name=\"twitter:data1\" content=\"2 minutes\" \/>\n<script type=\"application\/ld+json\" class=\"yoast-schema-graph\">{\"@context\":\"https:\\\/\\\/schema.org\",\"@graph\":[{\"@type\":\"WebPage\",\"@id\":\"https:\\\/\\\/elalfarero.ca\\\/newpage\\\/nuestra-mision\\\/\",\"url\":\"https:\\\/\\\/elalfarero.ca\\\/newpage\\\/nuestra-mision\\\/\",\"name\":\"Mision \\\/ Vision - Iglesia Ministerios del Alfarero\",\"isPartOf\":{\"@id\":\"https:\\\/\\\/elalfarero.ca\\\/newpage\\\/#website\"},\"datePublished\":\"2021-12-10T02:10:15+00:00\",\"dateModified\":\"2022-11-30T03:10:47+00:00\",\"breadcrumb\":{\"@id\":\"https:\\\/\\\/elalfarero.ca\\\/newpage\\\/nuestra-mision\\\/#breadcrumb\"},\"inLanguage\":\"en-US\",\"potentialAction\":[{\"@type\":\"ReadAction\",\"target\":[\"https:\\\/\\\/elalfarero.ca\\\/newpage\\\/nuestra-mision\\\/\"]}]},{\"@type\":\"BreadcrumbList\",\"@id\":\"https:\\\/\\\/elalfarero.ca\\\/newpage\\\/nuestra-mision\\\/#breadcrumb\",\"itemListElement\":[{\"@type\":\"ListItem\",\"position\":1,\"name\":\"Home\",\"item\":\"https:\\\/\\\/elalfarero.ca\\\/newpage\\\/\"},{\"@type\":\"ListItem\",\"position\":2,\"name\":\"Mision \\\/ Vision\"}]},{\"@type\":\"WebSite\",\"@id\":\"https:\\\/\\\/elalfarero.ca\\\/newpage\\\/#website\",\"url\":\"https:\\\/\\\/elalfarero.ca\\\/newpage\\\/\",\"name\":\"Iglesia Ministerios del Alfarero\",\"description\":\"Predicando la palabra de Dios\",\"publisher\":{\"@id\":\"https:\\\/\\\/elalfarero.ca\\\/newpage\\\/#organization\"},\"potentialAction\":[{\"@type\":\"SearchAction\",\"target\":{\"@type\":\"EntryPoint\",\"urlTemplate\":\"https:\\\/\\\/elalfarero.ca\\\/newpage\\\/?s={search_term_string}\"},\"query-input\":{\"@type\":\"PropertyValueSpecification\",\"valueRequired\":true,\"valueName\":\"search_term_string\"}}],\"inLanguage\":\"en-US\"},{\"@type\":\"Organization\",\"@id\":\"https:\\\/\\\/elalfarero.ca\\\/newpage\\\/#organization\",\"name\":\"Iglesia Ministerios del Alfarero\",\"url\":\"https:\\\/\\\/elalfarero.ca\\\/newpage\\\/\",\"logo\":{\"@type\":\"ImageObject\",\"inLanguage\":\"en-US\",\"@id\":\"https:\\\/\\\/elalfarero.ca\\\/newpage\\\/#\\\/schema\\\/logo\\\/image\\\/\",\"url\":\"https:\\\/\\\/i0.wp.com\\\/elalfarero.ca\\\/newpage\\\/wp-content\\\/uploads\\\/2022\\\/05\\\/cropped-LOGO_VT_72_ALFARERO-2-1.png?fit=520%2C521&ssl=1\",\"contentUrl\":\"https:\\\/\\\/i0.wp.com\\\/elalfarero.ca\\\/newpage\\\/wp-content\\\/uploads\\\/2022\\\/05\\\/cropped-LOGO_VT_72_ALFARERO-2-1.png?fit=520%2C521&ssl=1\",\"width\":520,\"height\":521,\"caption\":\"Iglesia Ministerios del Alfarero\"},\"image\":{\"@id\":\"https:\\\/\\\/elalfarero.ca\\\/newpage\\\/#\\\/schema\\\/logo\\\/image\\\/\"}}]}<\/script>\n<!-- \/ Yoast SEO plugin. -->","yoast_head_json":{"title":"Mision \/ Vision - Iglesia Ministerios del Alfarero","robots":{"index":"index","follow":"follow","max-snippet":"max-snippet:-1","max-image-preview":"max-image-preview:large","max-video-preview":"max-video-preview:-1"},"canonical":"https:\/\/elalfarero.ca\/newpage\/nuestra-mision\/","og_locale":"en_US","og_type":"article","og_title":"Mision \/ Vision - Iglesia Ministerios del Alfarero","og_description":"Nuestra Mision Hacer disc\u00edpulos de Cristo, haciendo que todos descubran y comprendan que todo siempre tiene que ves con Jes\u00fas. Deseamos que muchos puedan integrarse en la iglesia y as\u00ed [&hellip;]","og_url":"https:\/\/elalfarero.ca\/newpage\/nuestra-mision\/","og_site_name":"Iglesia Ministerios del Alfarero","article_modified_time":"2022-11-30T03:10:47+00:00","twitter_card":"summary_large_image","twitter_misc":{"Est. reading time":"2 minutes"},"schema":{"@context":"https:\/\/schema.org","@graph":[{"@type":"WebPage","@id":"https:\/\/elalfarero.ca\/newpage\/nuestra-mision\/","url":"https:\/\/elalfarero.ca\/newpage\/nuestra-mision\/","name":"Mision \/ Vision - Iglesia Ministerios del Alfarero","isPartOf":{"@id":"https:\/\/elalfarero.ca\/newpage\/#website"},"datePublished":"2021-12-10T02:10:15+00:00","dateModified":"2022-11-30T03:10:47+00:00","breadcrumb":{"@id":"https:\/\/elalfarero.ca\/newpage\/nuestra-mision\/#breadcrumb"},"inLanguage":"en-US","potentialAction":[{"@type":"ReadAction","target":["https:\/\/elalfarero.ca\/newpage\/nuestra-mision\/"]}]},{"@type":"BreadcrumbList","@id":"https:\/\/elalfarero.ca\/newpage\/nuestra-mision\/#breadcrumb","itemListElement":[{"@type":"ListItem","position":1,"name":"Home","item":"https:\/\/elalfarero.ca\/newpage\/"},{"@type":"ListItem","position":2,"name":"Mision \/ Vision"}]},{"@type":"WebSite","@id":"https:\/\/elalfarero.ca\/newpage\/#website","url":"https:\/\/elalfarero.ca\/newpage\/","name":"Iglesia Ministerios del Alfarero","description":"Predicando la palabra de Dios","publisher":{"@id":"https:\/\/elalfarero.ca\/newpage\/#organization"},"potentialAction":[{"@type":"SearchAction","target":{"@type":"EntryPoint","urlTemplate":"https:\/\/elalfarero.ca\/newpage\/?s={search_term_string}"},"query-input":{"@type":"PropertyValueSpecification","valueRequired":true,"valueName":"search_term_string"}}],"inLanguage":"en-US"},{"@type":"Organization","@id":"https:\/\/elalfarero.ca\/newpage\/#organization","name":"Iglesia Ministerios del Alfarero","url":"https:\/\/elalfarero.ca\/newpage\/","logo":{"@type":"ImageObject","inLanguage":"en-US","@id":"https:\/\/elalfarero.ca\/newpage\/#\/schema\/logo\/image\/","url":"https:\/\/i0.wp.com\/elalfarero.ca\/newpage\/wp-content\/uploads\/2022\/05\/cropped-LOGO_VT_72_ALFARERO-2-1.png?fit=520%2C521&ssl=1","contentUrl":"https:\/\/i0.wp.com\/elalfarero.ca\/newpage\/wp-content\/uploads\/2022\/05\/cropped-LOGO_VT_72_ALFARERO-2-1.png?fit=520%2C521&ssl=1","width":520,"height":521,"caption":"Iglesia Ministerios del Alfarero"},"image":{"@id":"https:\/\/elalfarero.ca\/newpage\/#\/schema\/logo\/image\/"}}]}},"jetpack_sharing_enabled":true,"_links":{"self":[{"href":"https:\/\/elalfarero.ca\/newpage\/wp-json\/wp\/v2\/pages\/26","targetHints":{"allow":["GET"]}}],"collection":[{"href":"https:\/\/elalfarero.ca\/newpage\/wp-json\/wp\/v2\/pages"}],"about":[{"href":"https:\/\/elalfarero.ca\/newpage\/wp-json\/wp\/v2\/types\/page"}],"author":[{"embeddable":true,"href":"https:\/\/elalfarero.ca\/newpage\/wp-json\/wp\/v2\/users\/1"}],"replies":[{"embeddable":true,"href":"https:\/\/elalfarero.ca\/newpage\/wp-json\/wp\/v2\/comments?post=26"}],"version-history":[{"count":5,"href":"https:\/\/elalfarero.ca\/newpage\/wp-json\/wp\/v2\/pages\/26\/revisions"}],"predecessor-version":[{"id":206,"href":"https:\/\/elalfarero.ca\/newpage\/wp-json\/wp\/v2\/pages\/26\/revisions\/206"}],"wp:attachment":[{"href":"https:\/\/elalfarero.ca\/newpage\/wp-json\/wp\/v2\/media?parent=26"}],"curies":[{"name":"wp","href":"https:\/\/api.w.org\/{rel}","templated":true}]}}